{"id":1829,"date":"2021-10-18T16:59:26","date_gmt":"2021-10-18T14:59:26","guid":{"rendered":"http:\/\/164.90.193.213\/?page_id=1829"},"modified":"2021-11-02T18:03:38","modified_gmt":"2021-11-02T17:03:38","slug":"cookies-policy","status":"publish","type":"page","link":"https:\/\/nesasrl.sp2.netkom.it\/it\/cookies-policy\/","title":{"rendered":"Cookies Policy"},"content":{"rendered":"\n<h3 class=\"wp-block-heading\">Cosa sono i cookie?<\/h3>\n\n\n\n<p>Un cookie \u00e8 un semplice file di testo su cui vengono inseriti dei dati testuali. Quando si visita un sito, questo file viene scaricato sul computer dell&#8217;utente (o su notebook, tablet, smartphone, ecc.) tramite il browser di navigazione. Una volta che questo file viene scaricato sul dispositivo, il cookie permetter\u00e0 al sito web di &#8220;riconoscerti&#8221; come utente. I cookie possono essere utilizzati per raccogliere informazioni personali o dati dell&#8217;utente.<br><\/p>\n\n\n\n<h3 class=\"wp-block-heading\">Come vengono utilizzati i cookie?<\/h3>\n\n\n\n<p>I cookie sono utilizzati sul sito www.nesasrl.eu per monitorare in che modo gli utenti interagiscono con il sito, per scoprire quali sono le pagine pi\u00f9 visitate, quali sono gli elementi pi\u00f9 cliccati e per capire in che modo migliorare il sito web.<br><\/p>\n\n\n\n<h3 class=\"wp-block-heading\">Tipologie di cookies e relative finalit\u00e0<\/h3>\n\n\n\n<p>I cookies utilizzati nel presente sito web sono delle seguenti tipologie:<br><br><strong>Cookies tecnici:<\/strong> permettono all&#8217;utente l&#8217;ottimale e veloce navigazione attraverso il sito web e l&#8217;efficiente utilizzo dei servizi e\/o delle varie opzioni che esso offre, consentendo ad esempio di effettuare un acquisto o di autenticarsi per accedere ad aree riservate. Questi cookies sono necessari per migliorare la fruibilit\u00e0 del sito web, ma possono comunque essere disattivati.<br><strong>Cookies di terze parti:<\/strong> sono dei cookies installati sul terminale dell&#8217;utente ad opera di gestori di siti terzi, per il tramite del presente sito. I cookies di terze parti, aventi principalmente finalit\u00e0 di analisi, derivano per lo pi\u00f9 dalle funzionalit\u00e0 di Google Analytics. E&#8217; possibile avere maggiori informazioni su Google Analytics cliccando sul seguente link: <a href=\"http:\/\/www.google.it\/intl\/it\/analytics\" target=\"_blank\" rel=\"noreferrer noopener\">http:\/\/www.google.it\/intl\/it\/analytics<\/a>.<br>Per disabilitare i cookies e per impedire a Google Analytics di raccogliere dati sulla navigazione, \u00e8 possibile scaricare il componente aggiuntivo del browser per la disattivazione di Google Analytics cliccando sul seguente link: <a href=\"https:\/\/tools.google.com\/dlpage\/gaoptout\" target=\"_blank\" rel=\"noreferrer noopener\">https:\/\/tools.google.com\/dlpage\/gaoptout<\/a>.<br><\/p>\n\n\n\n<h3 class=\"wp-block-heading\">Cookies utilizzati in questo sito<\/h3>\n\n\n\n<p><strong>ASP.NET_SessionId:<\/strong> cookie tecnico. Questo cookie \u00e8 utilizzato per gestire la sessione dell&#8217;utente sul sito. Dura finch\u00e8 la sessione dell&#8217;utente rimane attiva<br><strong>displayCookieConsent:<\/strong> coocke tecnico. Questo cooke \u00e8 utilizzato per memorizzare la scelta di non visualizzare il messaggio sui cookie. Dura finch\u00e8 la sessione dell&#8217;utente rimane attiva<br><strong>__utma:<\/strong> Cookie di profilazione. Necessario per il servizio di terze parti di Google Webmaster e Analytics. Dura 2 anni<br><strong>__utmb:<\/strong> Cookie di profilazione. Necessario al servizio di terze parti Google Analytics. Dura 30 minuti<br><strong>__utmc:<\/strong> Cookie di profilazione. Utilizzato in collaborazione con il cookie __utmb per determinare se l&#8217;utente \u00e8 in una nuova sessione o visita o se torna sul sito nella stessa sessione del browser. Dura finch\u00e8 la sessione dell&#8217;utente rimane attiva<br><strong>__utmt:<\/strong> Cookie di profilazione. Utilizzato per classificare richiesta dell&#8217;acceleratore. Dura 10 minuti<br><strong>__utmz:<\/strong> Cookie di profilazione. Necessario per il servizio di terze parti di Google Analytics. Dura 6 mesi<br><\/p>\n\n\n\n<h3 class=\"wp-block-heading\">Gestione dei Cookie<\/h3>\n\n\n\n<p>Di solito \u00e8 possibile attivare i cookies modificando le impostazioni del browser. Disattivandoli potreste tuttavia limitare le loro funzionalit\u00e0<br>L&#8217;impostazione pu\u00f2 essere definita in modo specifico per i diversi siti e applicazioni web. Inoltre i migliori browser consentono di definire impostazioni diverse per i cookie &#8220;proprietari&#8221; e per quelli di &#8220;terze parti&#8221;.<br>Chrome: <a href=\"https:\/\/support.google.com\/chrome\/answer\/95647?hl=it\" target=\"_blank\" rel=\"noreferrer noopener\">https:\/\/support.google.com\/chrome\/answer\/95647?hl=it<\/a><br>Firefox: <a href=\"https:\/\/support.mozilla.org\/it\/kb\/Gestione%20dei%20cookie\" target=\"_blank\" rel=\"noreferrer noopener\">https:\/\/support.mozilla.org\/it\/kb\/Gestione%20dei%20cookie<\/a><br>Internet Explorer: <a href=\"http:\/\/windows.microsoft.com\/it-it\/windows7\/how-to-manage-cookies-in-internet-explorer-9\" target=\"_blank\" rel=\"noreferrer noopener\">http:\/\/windows.microsoft.com\/it-it\/windows7\/how-to-manage-cookies-in-internet-explorer-9<\/a><br>Opera: <a href=\"http:\/\/help.opera.com\/Windows\/10.00\/it\/cookies.html\" target=\"_blank\" rel=\"noreferrer noopener\">http:\/\/help.opera.com\/Windows\/10.00\/it\/cookies.html<\/a><br>Safari: <a href=\"http:\/\/support.apple.com\/kb\/HT1677?viewlocale=it_IT\" target=\"_blank\" rel=\"noreferrer noopener\">http:\/\/support.apple.com\/kb\/HT1677?viewlocale=it_IT<\/a><\/p>\n","protected":false},"excerpt":{"rendered":"<p>Cosa sono i cookie? Un cookie \u00e8 un semplice file di testo su cui vengono inseriti dei dati testuali. Quando si visita un sito, questo file viene scaricato sul computer dell&#8217;utente (o su notebook, tablet, smartphone, ecc.) tramite il browser di navigazione. Una volta che questo file viene scaricato sul dispositivo, il cookie permetter\u00e0 al &hellip;<\/p>\n<p class=\"read-more\"> <a class=\"\" href=\"https:\/\/nesasrl.sp2.netkom.it\/it\/cookies-policy\/\"> <span class=\"screen-reader-text\">Cookies Policy<\/span> Read More &raquo;<\/a><\/p>\n","protected":false},"author":1,"featured_media":0,"parent":0,"menu_order":3,"comment_status":"closed","ping_status":"closed","template":"","meta":{"site-sidebar-layout":"default","site-content-layout":"default","ast-global-header-display":"","ast-main-header-display":"","ast-hfb-above-header-display":"","ast-hfb-below-header-display":"","ast-hfb-mobile-header-display":"","site-post-title":"","ast-breadcrumbs-content":"","ast-featured-img":"","footer-sml-layout":"","theme-transparent-header-meta":"default","adv-header-id-meta":"","stick-header-meta":"","header-above-stick-meta":"","header-main-stick-meta":"","header-below-stick-meta":"","footnotes":""},"class_list":["post-1829","page","type-page","status-publish","hentry"],"acf":[],"yoast_head":"<!-- This site is optimized with the Yoast SEO plugin v19.12 - https:\/\/yoast.com\/wordpress\/plugins\/seo\/ -->\n<title>Cookies Policy - Nesa<\/title>\n<meta name=\"robots\" content=\"index, follow, max-snippet:-1, max-image-preview:large, max-video-preview:-1\" \/>\n<link rel=\"canonical\" href=\"https:\/\/nesasrl.sp2.netkom.it\/cookies-policy\/\" \/>\n<meta property=\"og:locale\" content=\"en_US\" \/>\n<meta property=\"og:type\" content=\"article\" \/>\n<meta property=\"og:title\" content=\"Cookies Policy - Nesa\" \/>\n<meta property=\"og:description\" content=\"Cosa sono i cookie? Un cookie \u00e8 un semplice file di testo su cui vengono inseriti dei dati testuali. Quando si visita un sito, questo file viene scaricato sul computer dell&#8217;utente (o su notebook, tablet, smartphone, ecc.) tramite il browser di navigazione. Una volta che questo file viene scaricato sul dispositivo, il cookie permetter\u00e0 al &hellip; Cookies Policy Read More &raquo;\" \/>\n<meta property=\"og:url\" content=\"https:\/\/nesasrl.sp2.netkom.it\/cookies-policy\/\" \/>\n<meta property=\"og:site_name\" content=\"Nesa\" \/>\n<meta property=\"article:publisher\" content=\"https:\/\/www.facebook.com\/nesasrl\" \/>\n<meta property=\"article:modified_time\" content=\"2021-11-02T17:03:38+00:00\" \/>\n<meta property=\"og:image\" content=\"https:\/\/nesasrl.sp2.netkom.it\/wp-content\/uploads\/2021\/11\/nesa_slide-home-mountain-bg5.jpg\" \/>\n\t<meta property=\"og:image:width\" content=\"1920\" \/>\n\t<meta property=\"og:image:height\" content=\"900\" \/>\n\t<meta property=\"og:image:type\" content=\"image\/jpeg\" \/>\n<meta name=\"twitter:card\" content=\"summary_large_image\" \/>\n<meta name=\"twitter:label1\" content=\"Est. reading time\" \/>\n\t<meta name=\"twitter:data1\" content=\"4 minutes\" \/>\n<script type=\"application\/ld+json\" class=\"yoast-schema-graph\">{\"@context\":\"https:\/\/schema.org\",\"@graph\":[{\"@type\":\"WebPage\",\"@id\":\"https:\/\/nesasrl.sp2.netkom.it\/cookies-policy\/\",\"url\":\"https:\/\/nesasrl.sp2.netkom.it\/cookies-policy\/\",\"name\":\"Cookies Policy - Nesa\",\"isPartOf\":{\"@id\":\"https:\/\/nesasrl.sp2.netkom.it\/#website\"},\"datePublished\":\"2021-10-18T14:59:26+00:00\",\"dateModified\":\"2021-11-02T17:03:38+00:00\",\"breadcrumb\":{\"@id\":\"https:\/\/nesasrl.sp2.netkom.it\/cookies-policy\/#breadcrumb\"},\"inLanguage\":\"en-US\",\"potentialAction\":[{\"@type\":\"ReadAction\",\"target\":[\"https:\/\/nesasrl.sp2.netkom.it\/cookies-policy\/\"]}]},{\"@type\":\"BreadcrumbList\",\"@id\":\"https:\/\/nesasrl.sp2.netkom.it\/cookies-policy\/#breadcrumb\",\"itemListElement\":[{\"@type\":\"ListItem\",\"position\":1,\"name\":\"Home\",\"item\":\"https:\/\/nesasrl.sp2.netkom.it\/it\/\"},{\"@type\":\"ListItem\",\"position\":2,\"name\":\"Cookies Policy\"}]},{\"@type\":\"WebSite\",\"@id\":\"https:\/\/nesasrl.sp2.netkom.it\/#website\",\"url\":\"https:\/\/nesasrl.sp2.netkom.it\/\",\"name\":\"Nesa\",\"description\":\"Sistemi per il monitoraggio ambientale e telecontrollo\",\"publisher\":{\"@id\":\"https:\/\/nesasrl.sp2.netkom.it\/#organization\"},\"potentialAction\":[{\"@type\":\"SearchAction\",\"target\":{\"@type\":\"EntryPoint\",\"urlTemplate\":\"https:\/\/nesasrl.sp2.netkom.it\/?s={search_term_string}\"},\"query-input\":\"required name=search_term_string\"}],\"inLanguage\":\"en-US\"},{\"@type\":\"Organization\",\"@id\":\"https:\/\/nesasrl.sp2.netkom.it\/#organization\",\"name\":\"Nesa srl\",\"url\":\"https:\/\/nesasrl.sp2.netkom.it\/\",\"logo\":{\"@type\":\"ImageObject\",\"inLanguage\":\"en-US\",\"@id\":\"https:\/\/nesasrl.sp2.netkom.it\/#\/schema\/logo\/image\/\",\"url\":\"https:\/\/nesasrl.sp2.netkom.it\/wp-content\/uploads\/2021\/11\/logo_nesa_R_250x55.svg\",\"contentUrl\":\"https:\/\/nesasrl.sp2.netkom.it\/wp-content\/uploads\/2021\/11\/logo_nesa_R_250x55.svg\",\"width\":264,\"height\":55,\"caption\":\"Nesa srl\"},\"image\":{\"@id\":\"https:\/\/nesasrl.sp2.netkom.it\/#\/schema\/logo\/image\/\"},\"sameAs\":[\"https:\/\/www.linkedin.com\/company\/nesa-srl\/\",\"https:\/\/www.facebook.com\/nesasrl\"]}]}<\/script>\n<!-- \/ Yoast SEO plugin. -->","yoast_head_json":{"title":"Cookies Policy - Nesa","robots":{"index":"index","follow":"follow","max-snippet":"max-snippet:-1","max-image-preview":"max-image-preview:large","max-video-preview":"max-video-preview:-1"},"canonical":"https:\/\/nesasrl.sp2.netkom.it\/cookies-policy\/","og_locale":"en_US","og_type":"article","og_title":"Cookies Policy - Nesa","og_description":"Cosa sono i cookie? Un cookie \u00e8 un semplice file di testo su cui vengono inseriti dei dati testuali. Quando si visita un sito, questo file viene scaricato sul computer dell&#8217;utente (o su notebook, tablet, smartphone, ecc.) tramite il browser di navigazione. Una volta che questo file viene scaricato sul dispositivo, il cookie permetter\u00e0 al &hellip; Cookies Policy Read More &raquo;","og_url":"https:\/\/nesasrl.sp2.netkom.it\/cookies-policy\/","og_site_name":"Nesa","article_publisher":"https:\/\/www.facebook.com\/nesasrl","article_modified_time":"2021-11-02T17:03:38+00:00","og_image":[{"width":1920,"height":900,"url":"https:\/\/nesasrl.sp2.netkom.it\/wp-content\/uploads\/2021\/11\/nesa_slide-home-mountain-bg5.jpg","type":"image\/jpeg"}],"twitter_card":"summary_large_image","twitter_misc":{"Est. reading time":"4 minutes"},"schema":{"@context":"https:\/\/schema.org","@graph":[{"@type":"WebPage","@id":"https:\/\/nesasrl.sp2.netkom.it\/cookies-policy\/","url":"https:\/\/nesasrl.sp2.netkom.it\/cookies-policy\/","name":"Cookies Policy - Nesa","isPartOf":{"@id":"https:\/\/nesasrl.sp2.netkom.it\/#website"},"datePublished":"2021-10-18T14:59:26+00:00","dateModified":"2021-11-02T17:03:38+00:00","breadcrumb":{"@id":"https:\/\/nesasrl.sp2.netkom.it\/cookies-policy\/#breadcrumb"},"inLanguage":"en-US","potentialAction":[{"@type":"ReadAction","target":["https:\/\/nesasrl.sp2.netkom.it\/cookies-policy\/"]}]},{"@type":"BreadcrumbList","@id":"https:\/\/nesasrl.sp2.netkom.it\/cookies-policy\/#breadcrumb","itemListElement":[{"@type":"ListItem","position":1,"name":"Home","item":"https:\/\/nesasrl.sp2.netkom.it\/it\/"},{"@type":"ListItem","position":2,"name":"Cookies Policy"}]},{"@type":"WebSite","@id":"https:\/\/nesasrl.sp2.netkom.it\/#website","url":"https:\/\/nesasrl.sp2.netkom.it\/","name":"Nesa","description":"Sistemi per il monitoraggio ambientale e telecontrollo","publisher":{"@id":"https:\/\/nesasrl.sp2.netkom.it\/#organization"},"potentialAction":[{"@type":"SearchAction","target":{"@type":"EntryPoint","urlTemplate":"https:\/\/nesasrl.sp2.netkom.it\/?s={search_term_string}"},"query-input":"required name=search_term_string"}],"inLanguage":"en-US"},{"@type":"Organization","@id":"https:\/\/nesasrl.sp2.netkom.it\/#organization","name":"Nesa srl","url":"https:\/\/nesasrl.sp2.netkom.it\/","logo":{"@type":"ImageObject","inLanguage":"en-US","@id":"https:\/\/nesasrl.sp2.netkom.it\/#\/schema\/logo\/image\/","url":"https:\/\/nesasrl.sp2.netkom.it\/wp-content\/uploads\/2021\/11\/logo_nesa_R_250x55.svg","contentUrl":"https:\/\/nesasrl.sp2.netkom.it\/wp-content\/uploads\/2021\/11\/logo_nesa_R_250x55.svg","width":264,"height":55,"caption":"Nesa srl"},"image":{"@id":"https:\/\/nesasrl.sp2.netkom.it\/#\/schema\/logo\/image\/"},"sameAs":["https:\/\/www.linkedin.com\/company\/nesa-srl\/","https:\/\/www.facebook.com\/nesasrl"]}]}},"_links":{"self":[{"href":"https:\/\/nesasrl.sp2.netkom.it\/en\/wp-json\/wp\/v2\/pages\/1829","targetHints":{"allow":["GET"]}}],"collection":[{"href":"https:\/\/nesasrl.sp2.netkom.it\/en\/wp-json\/wp\/v2\/pages"}],"about":[{"href":"https:\/\/nesasrl.sp2.netkom.it\/en\/wp-json\/wp\/v2\/types\/page"}],"author":[{"embeddable":true,"href":"https:\/\/nesasrl.sp2.netkom.it\/en\/wp-json\/wp\/v2\/users\/1"}],"replies":[{"embeddable":true,"href":"https:\/\/nesasrl.sp2.netkom.it\/en\/wp-json\/wp\/v2\/comments?post=1829"}],"version-history":[{"count":4,"href":"https:\/\/nesasrl.sp2.netkom.it\/en\/wp-json\/wp\/v2\/pages\/1829\/revisions"}],"predecessor-version":[{"id":3984,"href":"https:\/\/nesasrl.sp2.netkom.it\/en\/wp-json\/wp\/v2\/pages\/1829\/revisions\/3984"}],"wp:attachment":[{"href":"https:\/\/nesasrl.sp2.netkom.it\/en\/wp-json\/wp\/v2\/media?parent=1829"}],"curies":[{"name":"wp","href":"https:\/\/api.w.org\/{rel}","templated":true}]}}